{"id":896,"date":"2021-04-05T10:29:42","date_gmt":"2021-04-05T10:29:42","guid":{"rendered":"https:\/\/thomas-grau.com\/?page_id=896"},"modified":"2025-11-03T17:05:23","modified_gmt":"2025-11-03T17:05:23","slug":"persoenliches","status":"publish","type":"page","link":"https:\/\/thomas-grau.com\/?page_id=896","title":{"rendered":"Pers\u00f6nliches"},"content":{"rendered":"\n<h3 class=\"wp-block-heading has-text-align-center\">Herzlich Willkommen mein Name ist  Thomas Grau<\/h3>\n\n\n\n<h3 class=\"wp-block-heading has-text-align-center\">Fotograf<\/h3>\n\n\n\n<p class=\"has-text-align-center\">Angefangen mit der Fotografie habe ich Ende der 90er Jahre. Seit einigen Jahren \u00fcbe ich diese professionell aus. <\/p>\n\n\n\n<p class=\"has-text-align-center\">\u00dcber die Architektur- Fotografie bin ich, inspiriert durch unsere Haustiere, zur Tier- und Landschaftsfotografie gekommen. <\/p>\n\n\n\n<p class=\"has-text-align-center\">Sp\u00e4ter kam noch durch diverse Workshops unter anderem bei der Canon Academy ein breiteres Portfolio hinzu.<\/p>\n\n\n\n<p class=\"has-text-align-center\">F\u00fcr Hochzeits-und Eventfotografie, Beauty- und Modelshootings sowie Sport und Fitness Aufnahmen k\u00f6nnen sie gerne Kontakt mit mir aufnehmen. <\/p>\n\n\n\n<p class=\"has-text-align-center\">Wenn sie einen zuverl\u00e4ssigen und fairen Fotograf f\u00fcr Fotodienstleistungen suchen, sind sie hier bei mir richtig.<\/p>\n\n\n\n<p class=\"has-text-align-center\">Gegenseitiges Vertrauen und Seri\u00f6sit\u00e4t stehen bei mir an oberster Stelle<\/p>\n\n\n<div class=\"wp-block-image\">\n<figure class=\"aligncenter size-full is-resized\"><img loading=\"lazy\" decoding=\"async\" width=\"560\" height=\"747\" src=\"https:\/\/thomas-grau.com\/wp-content\/uploads\/2025\/11\/IMG_3923.jpeg\" alt=\"\" class=\"wp-image-1640\" style=\"width:228px;height:auto\" srcset=\"https:\/\/thomas-grau.com\/wp-content\/uploads\/2025\/11\/IMG_3923.jpeg 560w, https:\/\/thomas-grau.com\/wp-content\/uploads\/2025\/11\/IMG_3923-225x300.jpeg 225w\" sizes=\"auto, (max-width: 560px) 100vw, 560px\" \/><\/figure>\n<\/div>\n\n\n<p><\/p>\n\n\n\n<h5 class=\"wp-block-heading\" id=\"block-c717e2e5-970c-480d-8d38-6bbe580fb9de\"><\/h5>\n\n\n\n<p><\/p>\n","protected":false},"excerpt":{"rendered":"<p>Herzlich Willkommen mein Name ist Thomas Grau Fotograf Angefangen mit der Fotografie habe ich Ende der 90er Jahre. Seit einigen Jahren \u00fcbe ich diese professionell aus. \u00dcber die Architektur- Fotografie bin ich, inspiriert durch unsere Haustiere, zur Tier- und Landschaftsfotografie gekommen. Sp\u00e4ter kam noch durch diverse Workshops unter anderem bei der Canon Academy ein breiteres Portfolio hinzu. F\u00fcr Hochzeits-und Eventfotografie, Beauty- und Modelshootings sowie Sport und Fitness Aufnahmen k\u00f6nnen sie gerne Kontakt mit mir aufnehmen. Wenn sie einen zuverl\u00e4ssigen und fairen Fotograf f\u00fcr Fotodienstleistungen suchen, sind sie hier bei mir richtig. Gegenseitiges Vertrauen und Seri\u00f6sit\u00e4t stehen bei mir an oberster Stelle<\/p>\n","protected":false},"author":1,"featured_media":0,"parent":0,"menu_order":0,"comment_status":"closed","ping_status":"closed","template":"","meta":{"footnotes":""},"class_list":["post-896","page","type-page","status-publish","hentry"],"_links":{"self":[{"href":"https:\/\/thomas-grau.com\/index.php?rest_route=\/wp\/v2\/pages\/896","targetHints":{"allow":["GET"]}}],"collection":[{"href":"https:\/\/thomas-grau.com\/index.php?rest_route=\/wp\/v2\/pages"}],"about":[{"href":"https:\/\/thomas-grau.com\/index.php?rest_route=\/wp\/v2\/types\/page"}],"author":[{"embeddable":true,"href":"https:\/\/thomas-grau.com\/index.php?rest_route=\/wp\/v2\/users\/1"}],"replies":[{"embeddable":true,"href":"https:\/\/thomas-grau.com\/index.php?rest_route=%2Fwp%2Fv2%2Fcomments&post=896"}],"version-history":[{"count":21,"href":"https:\/\/thomas-grau.com\/index.php?rest_route=\/wp\/v2\/pages\/896\/revisions"}],"predecessor-version":[{"id":1641,"href":"https:\/\/thomas-grau.com\/index.php?rest_route=\/wp\/v2\/pages\/896\/revisions\/1641"}],"wp:attachment":[{"href":"https:\/\/thomas-grau.com\/index.php?rest_route=%2Fwp%2Fv2%2Fmedia&parent=896"}],"curies":[{"name":"wp","href":"https:\/\/api.w.org\/{rel}","templated":true}]}}