{"id":363,"date":"2014-01-07T21:31:58","date_gmt":"2014-01-07T21:31:58","guid":{"rendered":"http:\/\/thomas-grau.com\/?page_id=363"},"modified":"2026-01-18T11:12:50","modified_gmt":"2026-01-18T11:12:50","slug":"startseite","status":"publish","type":"page","link":"https:\/\/thomas-grau.com\/","title":{"rendered":"Herzlich Willkommen bei SaLiTho Thomas Grau"},"content":{"rendered":"\n<p class=\"has-text-align-center\">Sichern sie sich jetzt die <strong>Fr\u00fchbucher &#8211; Preise <\/strong>f\u00fcr ihre Hochzeit 2026<\/p>\n\n\n\n<p class=\"has-text-align-center\"><strong>NEU!!<\/strong>  F\u00fcr Neulinge, Amateure, ambitionierte Fotografen und Modelle werden jetzt Foto Meet-Ups in Frankfurt &#8211; H\u00f6chst angeboten. Bitte schaut in der Rubrik Foto Meet-Up<\/p>\n\n\n\n<p class=\"has-text-align-center\">Es sind noch Termine f\u00fcr Foto- Shootings indoor\/outdoor verf\u00fcgbar<\/p>\n\n\n<div class=\"wp-block-image\">\n<figure class=\"aligncenter size-full is-resized\"><img loading=\"lazy\" decoding=\"async\" width=\"1290\" height=\"1369\" src=\"https:\/\/thomas-grau.com\/wp-content\/uploads\/2026\/01\/985E1F95-F58B-4ECC-872F-967F4F68E1B1.jpeg\" alt=\"\" class=\"wp-image-1692\" style=\"aspect-ratio:0.9423102663632713;width:525px;height:auto\" srcset=\"https:\/\/thomas-grau.com\/wp-content\/uploads\/2026\/01\/985E1F95-F58B-4ECC-872F-967F4F68E1B1.jpeg 1290w, https:\/\/thomas-grau.com\/wp-content\/uploads\/2026\/01\/985E1F95-F58B-4ECC-872F-967F4F68E1B1-283x300.jpeg 283w, https:\/\/thomas-grau.com\/wp-content\/uploads\/2026\/01\/985E1F95-F58B-4ECC-872F-967F4F68E1B1-768x815.jpeg 768w, https:\/\/thomas-grau.com\/wp-content\/uploads\/2026\/01\/985E1F95-F58B-4ECC-872F-967F4F68E1B1-1140x1210.jpeg 1140w\" sizes=\"auto, (max-width: 1290px) 100vw, 1290px\" \/><\/figure>\n<\/div>\n\n\n<p class=\"has-text-align-center\">Anfragen unter: 0151\/15788021 oder info@thomas-grau.com<\/p>\n\n\n\n<p class=\"has-text-align-center\">Viel Spa\u00df weiterhin beim st\u00f6bern&#8230;.<\/p>\n","protected":false},"excerpt":{"rendered":"<p>Sichern sie sich jetzt die Fr\u00fchbucher &#8211; Preise f\u00fcr ihre Hochzeit 2026 NEU!! F\u00fcr Neulinge, Amateure, ambitionierte Fotografen und Modelle werden jetzt Foto Meet-Ups in Frankfurt &#8211; H\u00f6chst angeboten. Bitte schaut in der Rubrik Foto Meet-Up Es sind noch Termine f\u00fcr Foto- Shootings indoor\/outdoor verf\u00fcgbar Anfragen unter: 0151\/15788021 oder info@thomas-grau.com Viel Spa\u00df weiterhin beim st\u00f6bern&#8230;.<\/p>\n","protected":false},"author":1,"featured_media":0,"parent":0,"menu_order":0,"comment_status":"closed","ping_status":"closed","template":"","meta":{"footnotes":""},"class_list":["post-363","page","type-page","status-publish","hentry"],"_links":{"self":[{"href":"https:\/\/thomas-grau.com\/index.php?rest_route=\/wp\/v2\/pages\/363","targetHints":{"allow":["GET"]}}],"collection":[{"href":"https:\/\/thomas-grau.com\/index.php?rest_route=\/wp\/v2\/pages"}],"about":[{"href":"https:\/\/thomas-grau.com\/index.php?rest_route=\/wp\/v2\/types\/page"}],"author":[{"embeddable":true,"href":"https:\/\/thomas-grau.com\/index.php?rest_route=\/wp\/v2\/users\/1"}],"replies":[{"embeddable":true,"href":"https:\/\/thomas-grau.com\/index.php?rest_route=%2Fwp%2Fv2%2Fcomments&post=363"}],"version-history":[{"count":17,"href":"https:\/\/thomas-grau.com\/index.php?rest_route=\/wp\/v2\/pages\/363\/revisions"}],"predecessor-version":[{"id":1693,"href":"https:\/\/thomas-grau.com\/index.php?rest_route=\/wp\/v2\/pages\/363\/revisions\/1693"}],"wp:attachment":[{"href":"https:\/\/thomas-grau.com\/index.php?rest_route=%2Fwp%2Fv2%2Fmedia&parent=363"}],"curies":[{"name":"wp","href":"https:\/\/api.w.org\/{rel}","templated":true}]}}