{"id":1635,"date":"2025-11-03T17:01:23","date_gmt":"2025-11-03T17:01:23","guid":{"rendered":"https:\/\/thomas-grau.com\/?page_id=1635"},"modified":"2025-11-03T22:42:22","modified_gmt":"2025-11-03T22:42:22","slug":"foto-meetup","status":"publish","type":"page","link":"https:\/\/thomas-grau.com\/?page_id=1635","title":{"rendered":"Foto-Meetup"},"content":{"rendered":"\n<p>Wolltet ihr schon immer mal als Fotograf oder Model vor oder hinter der Kamera stehen und das Gef\u00fchl erleben, wie sich das anf\u00fchlt? Ihr habt eine Kamera oder wollt euch eine zulegen? <\/p>\n\n\n\n<p>Prima,  dann seit ihr hier genau richtig. Wir sprechen \u00fcber Equipment, Outfits und kreative Posen und alles was mit Fotografie zu tun hat.<\/p>\n\n\n\n<p>Bei unserem Foto-Meetup nehmen wir uns 3 Stunden Zeit um in einer 1zu1  (Model\/Fotograf) Situation zusammen tolle Aufnahmen entstehen zu lassen. <\/p>\n\n\n\n<p>Alles was ihr dazu ben\u00f6tigt ist Spass am fotografieren oder fotografiert werden.<\/p>\n\n\n\n<p>Mitbringen: <\/p>\n\n\n\n<p>Fotografen: Gute Laune, Fotoapparat, Objektive (Falls ihr noch keinen habt kann ich aushelfen)<\/p>\n\n\n\n<p>Modelle: Gute Laune, verschiedene Outfits, Accessoires, Schminke<\/p>\n\n\n\n<p>Wir beginnen mit einem kurzen kennenlernen und einer Einweisung \u00fcber den Ablauf unseres Shootings. Ich gebe Tipps im gegenseitigen Umgang und zur Location. W\u00e4hrend der gesamten Zeit unterst\u00fctze ich euch bei Fragen zum Bildaufbau, Technik oder Posen. <div>Im Anschluss geht jeder Fotograf mit einem Model zu einem Set und beginnt mit der kreativen Umsetzung der fotografischen Ideen.<\/div><\/p>\n\n\n\n<p>Nach einer Stunde machen wir einen kurzen break, kommen zusammen zu einem kurzen Feedback und wechseln die Partner und das Set.<\/p>\n\n\n\n<div class=\"wp-block-cover\"><img loading=\"lazy\" decoding=\"async\" width=\"2560\" height=\"1708\" class=\"wp-block-cover__image-background wp-image-1538\" alt=\"\" src=\"https:\/\/thomas-grau.com\/wp-content\/uploads\/2025\/06\/IMG_3153.jpeg\" data-object-fit=\"cover\" srcset=\"https:\/\/thomas-grau.com\/wp-content\/uploads\/2025\/06\/IMG_3153.jpeg 2560w, https:\/\/thomas-grau.com\/wp-content\/uploads\/2025\/06\/IMG_3153-300x200.jpeg 300w, https:\/\/thomas-grau.com\/wp-content\/uploads\/2025\/06\/IMG_3153-768x512.jpeg 768w, https:\/\/thomas-grau.com\/wp-content\/uploads\/2025\/06\/IMG_3153-1536x1025.jpeg 1536w, https:\/\/thomas-grau.com\/wp-content\/uploads\/2025\/06\/IMG_3153-2048x1366.jpeg 2048w, https:\/\/thomas-grau.com\/wp-content\/uploads\/2025\/06\/IMG_3153-1140x761.jpeg 1140w\" sizes=\"auto, (max-width: 2560px) 100vw, 2560px\" \/><span aria-hidden=\"true\" class=\"wp-block-cover__background has-background-dim\"><\/span><div class=\"wp-block-cover__inner-container is-layout-flow wp-block-cover-is-layout-flow\">\n<p class=\"has-text-align-center has-large-font-size\">Arbeiten mit Licht und Schatten<\/p>\n<\/div><\/div>\n\n\n\n<div class=\"wp-block-group\"><div class=\"wp-block-group__inner-container is-layout-constrained wp-block-group-is-layout-constrained\">\n<div class=\"wp-block-cover\"><img loading=\"lazy\" decoding=\"async\" width=\"1708\" height=\"2560\" class=\"wp-block-cover__image-background wp-image-1542\" alt=\"\" src=\"https:\/\/thomas-grau.com\/wp-content\/uploads\/2025\/06\/IMG_3162.jpeg\" data-object-fit=\"cover\" srcset=\"https:\/\/thomas-grau.com\/wp-content\/uploads\/2025\/06\/IMG_3162.jpeg 1708w, https:\/\/thomas-grau.com\/wp-content\/uploads\/2025\/06\/IMG_3162-200x300.jpeg 200w, https:\/\/thomas-grau.com\/wp-content\/uploads\/2025\/06\/IMG_3162-768x1151.jpeg 768w, https:\/\/thomas-grau.com\/wp-content\/uploads\/2025\/06\/IMG_3162-1025x1536.jpeg 1025w, https:\/\/thomas-grau.com\/wp-content\/uploads\/2025\/06\/IMG_3162-1366x2048.jpeg 1366w, https:\/\/thomas-grau.com\/wp-content\/uploads\/2025\/06\/IMG_3162-1140x1709.jpeg 1140w\" sizes=\"auto, (max-width: 1708px) 100vw, 1708px\" \/><span aria-hidden=\"true\" class=\"wp-block-cover__background has-background-dim\"><\/span><div class=\"wp-block-cover__inner-container is-layout-flow wp-block-cover-is-layout-flow\">\n<p class=\"has-text-align-center has-large-font-size\">Bildaufbau<\/p>\n<\/div><\/div>\n<\/div><\/div>\n\n\n\n<div class=\"wp-block-cover\"><img loading=\"lazy\" decoding=\"async\" width=\"1850\" height=\"2467\" class=\"wp-block-cover__image-background wp-image-1629\" alt=\"\" src=\"https:\/\/thomas-grau.com\/wp-content\/uploads\/2025\/07\/86969BE6-BD97-4DE2-BBE5-010CE893B7A0.jpeg\" data-object-fit=\"cover\" srcset=\"https:\/\/thomas-grau.com\/wp-content\/uploads\/2025\/07\/86969BE6-BD97-4DE2-BBE5-010CE893B7A0.jpeg 1850w, https:\/\/thomas-grau.com\/wp-content\/uploads\/2025\/07\/86969BE6-BD97-4DE2-BBE5-010CE893B7A0-225x300.jpeg 225w, https:\/\/thomas-grau.com\/wp-content\/uploads\/2025\/07\/86969BE6-BD97-4DE2-BBE5-010CE893B7A0-768x1024.jpeg 768w, https:\/\/thomas-grau.com\/wp-content\/uploads\/2025\/07\/86969BE6-BD97-4DE2-BBE5-010CE893B7A0-1152x1536.jpeg 1152w, https:\/\/thomas-grau.com\/wp-content\/uploads\/2025\/07\/86969BE6-BD97-4DE2-BBE5-010CE893B7A0-1536x2048.jpeg 1536w, https:\/\/thomas-grau.com\/wp-content\/uploads\/2025\/07\/86969BE6-BD97-4DE2-BBE5-010CE893B7A0-1140x1520.jpeg 1140w\" sizes=\"auto, (max-width: 1850px) 100vw, 1850px\" \/><span aria-hidden=\"true\" class=\"wp-block-cover__background has-background-dim\"><\/span><div class=\"wp-block-cover__inner-container is-layout-flow wp-block-cover-is-layout-flow\">\n<p class=\"has-text-align-center has-large-font-size\">Pose<\/p>\n<\/div><\/div>\n\n\n\n<p>Die entstandenen (gelungenen) Bilder werden auf TFP- Basis* vom Fotografen den Modellen, innerhalb einer vereinbarten Zeit, digital zur Verf\u00fcgung gestellt.<\/p>\n\n\n\n<p>Preise:<\/p>\n\n\n\n<p>Kosten f\u00fcr Fotografen und Modelle jeweils 50\u20ac.<\/p>\n\n\n\n<p>Der Betrag ist sp\u00e4testens eine Woche vor dem Meet-Up zu bezahlen<\/p>\n\n\n\n<p>F\u00fcr Teilnahmen an Foto Meet-Ups k\u00f6nnen auch Gutscheine erworben werden.<\/p>\n\n\n\n<p><\/p>\n\n\n\n<p><\/p>\n\n\n\n<p><\/p>\n\n\n\n<p>*<strong>Ein TFP-Fotoshooting ist ein&nbsp;Fotoshooting ohne Bezahlung, bei dem die Arbeitszeit von Fotograf und Model gegen eine Auswahl an bearbeiteten Bildern getauscht wird, um die Portfolios beider Seiten zu erweitern. Die Abk\u00fcrzung steht f\u00fcr &#8222;Time for Prints&#8220; oder &#8222;Time for Photos&#8220;&nbsp;<\/strong><\/p>\n","protected":false},"excerpt":{"rendered":"<p>Wolltet ihr schon immer mal als Fotograf oder Model vor oder hinter der Kamera stehen und das Gef\u00fchl erleben, wie sich das anf\u00fchlt? Ihr habt eine Kamera oder wollt euch eine zulegen? Prima, dann seit ihr hier genau richtig. Wir sprechen \u00fcber Equipment, Outfits und kreative Posen und alles was mit Fotografie zu tun hat. Bei unserem Foto-Meetup nehmen wir uns 3 Stunden Zeit um in einer 1zu1 (Model\/Fotograf) Situation zusammen tolle Aufnahmen entstehen zu lassen. Alles was ihr dazu ben\u00f6tigt ist Spass am fotografieren oder fotografiert werden. Mitbringen: Fotografen: Gute Laune, Fotoapparat, Objektive (Falls ihr noch keinen habt kann ich aushelfen) Modelle: Gute Laune, verschiedene Outfits, Accessoires, Schminke Wir beginnen mit einem kurzen kennenlernen und einer Einweisung \u00fcber den Ablauf unseres Shootings. Ich gebe Tipps im gegenseitigen Umgang und zur Location. W\u00e4hrend der gesamten Zeit unterst\u00fctze ich euch bei Fragen zum Bildaufbau, Technik oder Posen. Im Anschluss geht jeder Fotograf mit einem Model zu einem Set und beginnt mit der kreativen Umsetzung der fotografischen Ideen. Nach einer Stunde machen wir einen kurzen break, kommen zusammen zu einem kurzen Feedback und wechseln die Partner und das Set. Die entstandenen (gelungenen) Bilder werden auf TFP- Basis* vom Fotografen den Modellen, innerhalb einer vereinbarten Zeit, digital zur Verf\u00fcgung gestellt. Preise: Kosten f\u00fcr Fotografen und Modelle jeweils 50\u20ac. Der Betrag ist sp\u00e4testens eine Woche vor dem Meet-Up zu bezahlen F\u00fcr Teilnahmen an Foto Meet-Ups k\u00f6nnen auch Gutscheine erworben werden. *Ein TFP-Fotoshooting ist ein&nbsp;Fotoshooting ohne Bezahlung, bei dem die Arbeitszeit von Fotograf und Model gegen eine Auswahl an bearbeiteten Bildern getauscht wird, um die Portfolios beider Seiten zu erweitern. Die Abk\u00fcrzung steht f\u00fcr &#8222;Time for Prints&#8220; oder &#8222;Time for Photos&#8220;&nbsp;<\/p>\n","protected":false},"author":1,"featured_media":0,"parent":0,"menu_order":0,"comment_status":"closed","ping_status":"closed","template":"","meta":{"footnotes":""},"class_list":["post-1635","page","type-page","status-publish","hentry"],"_links":{"self":[{"href":"https:\/\/thomas-grau.com\/index.php?rest_route=\/wp\/v2\/pages\/1635","targetHints":{"allow":["GET"]}}],"collection":[{"href":"https:\/\/thomas-grau.com\/index.php?rest_route=\/wp\/v2\/pages"}],"about":[{"href":"https:\/\/thomas-grau.com\/index.php?rest_route=\/wp\/v2\/types\/page"}],"author":[{"embeddable":true,"href":"https:\/\/thomas-grau.com\/index.php?rest_route=\/wp\/v2\/users\/1"}],"replies":[{"embeddable":true,"href":"https:\/\/thomas-grau.com\/index.php?rest_route=%2Fwp%2Fv2%2Fcomments&post=1635"}],"version-history":[{"count":4,"href":"https:\/\/thomas-grau.com\/index.php?rest_route=\/wp\/v2\/pages\/1635\/revisions"}],"predecessor-version":[{"id":1682,"href":"https:\/\/thomas-grau.com\/index.php?rest_route=\/wp\/v2\/pages\/1635\/revisions\/1682"}],"wp:attachment":[{"href":"https:\/\/thomas-grau.com\/index.php?rest_route=%2Fwp%2Fv2%2Fmedia&parent=1635"}],"curies":[{"name":"wp","href":"https:\/\/api.w.org\/{rel}","templated":true}]}}